{"id":35,"date":"2025-03-01T17:25:10","date_gmt":"2025-03-01T17:25:10","guid":{"rendered":"https:\/\/svknw.de\/?page_id=35"},"modified":"2025-08-22T16:09:04","modified_gmt":"2025-08-22T16:09:04","slug":"start","status":"publish","type":"page","link":"https:\/\/svknw.de\/start\/","title":{"rendered":"Start"},"content":{"rendered":"\t\t<div data-elementor-type=\"wp-page\" data-elementor-id=\"35\" class=\"elementor elementor-35\">\n\t\t\t\t<div class=\"elementor-element elementor-element-7cbf8f4 e-flex e-con-boxed e-con e-parent\" data-id=\"7cbf8f4\" data-element_type=\"container\">\n\t\t\t\t\t<div class=\"e-con-inner\">\n\t\t\t\t<div class=\"elementor-element elementor-element-ffc4d3c elementor-arrows-position-inside elementor-pagination-position-outside elementor-widget elementor-widget-image-carousel\" data-id=\"ffc4d3c\" data-element_type=\"widget\" data-settings=\"{&quot;slides_to_show&quot;:&quot;1&quot;,&quot;navigation&quot;:&quot;both&quot;,&quot;autoplay&quot;:&quot;yes&quot;,&quot;pause_on_hover&quot;:&quot;yes&quot;,&quot;pause_on_interaction&quot;:&quot;yes&quot;,&quot;autoplay_speed&quot;:5000,&quot;infinite&quot;:&quot;yes&quot;,&quot;effect&quot;:&quot;slide&quot;,&quot;speed&quot;:500}\" data-widget_type=\"image-carousel.default\">\n\t\t\t\t<div class=\"elementor-widget-container\">\n\t\t\t\t\t\t\t<div class=\"elementor-image-carousel-wrapper swiper\" role=\"region\" aria-roledescription=\"carousel\" aria-label=\"Bild Karussell\" dir=\"ltr\">\n\t\t\t<div class=\"elementor-image-carousel swiper-wrapper\" aria-live=\"off\">\n\t\t\t\t\t\t\t\t<div class=\"swiper-slide\" role=\"group\" aria-roledescription=\"slide\" aria-label=\"1 von 11\"><figure class=\"swiper-slide-inner\"><img decoding=\"async\" class=\"swiper-slide-image\" src=\"https:\/\/svknw.de\/wp-content\/uploads\/2025\/03\/01.jpg\" alt=\"01\" \/><\/figure><\/div><div class=\"swiper-slide\" role=\"group\" aria-roledescription=\"slide\" aria-label=\"2 von 11\"><figure class=\"swiper-slide-inner\"><img decoding=\"async\" class=\"swiper-slide-image\" src=\"https:\/\/svknw.de\/wp-content\/uploads\/2025\/03\/02.jpg\" alt=\"02\" \/><\/figure><\/div><div class=\"swiper-slide\" role=\"group\" aria-roledescription=\"slide\" aria-label=\"3 von 11\"><figure class=\"swiper-slide-inner\"><img decoding=\"async\" class=\"swiper-slide-image\" src=\"https:\/\/svknw.de\/wp-content\/uploads\/2025\/03\/04-768x424.jpg\" alt=\"04\" \/><\/figure><\/div><div class=\"swiper-slide\" role=\"group\" aria-roledescription=\"slide\" aria-label=\"4 von 11\"><figure class=\"swiper-slide-inner\"><img decoding=\"async\" class=\"swiper-slide-image\" src=\"https:\/\/svknw.de\/wp-content\/uploads\/2025\/03\/05-768x576.jpg\" alt=\"05\" \/><\/figure><\/div><div class=\"swiper-slide\" role=\"group\" aria-roledescription=\"slide\" aria-label=\"5 von 11\"><figure class=\"swiper-slide-inner\"><img decoding=\"async\" class=\"swiper-slide-image\" src=\"https:\/\/svknw.de\/wp-content\/uploads\/2025\/03\/06.jpg\" alt=\"06\" \/><\/figure><\/div><div class=\"swiper-slide\" role=\"group\" aria-roledescription=\"slide\" aria-label=\"6 von 11\"><figure class=\"swiper-slide-inner\"><img decoding=\"async\" class=\"swiper-slide-image\" src=\"https:\/\/svknw.de\/wp-content\/uploads\/2025\/03\/07-768x512.jpg\" alt=\"07\" \/><\/figure><\/div><div class=\"swiper-slide\" role=\"group\" aria-roledescription=\"slide\" aria-label=\"7 von 11\"><figure class=\"swiper-slide-inner\"><img decoding=\"async\" class=\"swiper-slide-image\" src=\"https:\/\/svknw.de\/wp-content\/uploads\/2025\/03\/08-768x576.jpg\" alt=\"08\" \/><\/figure><\/div><div class=\"swiper-slide\" role=\"group\" aria-roledescription=\"slide\" aria-label=\"8 von 11\"><figure class=\"swiper-slide-inner\"><img decoding=\"async\" class=\"swiper-slide-image\" src=\"https:\/\/svknw.de\/wp-content\/uploads\/2025\/03\/09-768x431.jpg\" alt=\"09\" \/><\/figure><\/div><div class=\"swiper-slide\" role=\"group\" aria-roledescription=\"slide\" aria-label=\"9 von 11\"><figure class=\"swiper-slide-inner\"><img decoding=\"async\" class=\"swiper-slide-image\" src=\"https:\/\/svknw.de\/wp-content\/uploads\/2025\/03\/10-768x512.jpg\" alt=\"10\" \/><\/figure><\/div><div class=\"swiper-slide\" role=\"group\" aria-roledescription=\"slide\" aria-label=\"10 von 11\"><figure class=\"swiper-slide-inner\"><img decoding=\"async\" class=\"swiper-slide-image\" src=\"https:\/\/svknw.de\/wp-content\/uploads\/2025\/03\/11-768x510.png\" alt=\"11\" \/><\/figure><\/div><div class=\"swiper-slide\" role=\"group\" aria-roledescription=\"slide\" aria-label=\"11 von 11\"><figure class=\"swiper-slide-inner\"><img decoding=\"async\" class=\"swiper-slide-image\" src=\"https:\/\/svknw.de\/wp-content\/uploads\/2025\/03\/12-768x513.jpg\" alt=\"12\" \/><\/figure><\/div>\t\t\t<\/div>\n\t\t\t\t\t\t\t\t\t\t\t\t<div class=\"elementor-swiper-button elementor-swiper-button-prev\" role=\"button\" tabindex=\"0\">\n\t\t\t\t\t\t<svg aria-hidden=\"true\" class=\"e-font-icon-svg e-eicon-chevron-left\" viewBox=\"0 0 1000 1000\" xmlns=\"http:\/\/www.w3.org\/2000\/svg\"><path d=\"M646 125C629 125 613 133 604 142L308 442C296 454 292 471 292 487 292 504 296 521 308 533L604 854C617 867 629 875 646 875 663 875 679 871 692 858 704 846 713 829 713 812 713 796 708 779 692 767L438 487 692 225C700 217 708 204 708 187 708 171 704 154 692 142 675 129 663 125 646 125Z\"><\/path><\/svg>\t\t\t\t\t<\/div>\n\t\t\t\t\t<div class=\"elementor-swiper-button elementor-swiper-button-next\" role=\"button\" tabindex=\"0\">\n\t\t\t\t\t\t<svg aria-hidden=\"true\" class=\"e-font-icon-svg e-eicon-chevron-right\" viewBox=\"0 0 1000 1000\" xmlns=\"http:\/\/www.w3.org\/2000\/svg\"><path d=\"M696 533C708 521 713 504 713 487 713 471 708 454 696 446L400 146C388 133 375 125 354 125 338 125 325 129 313 142 300 154 292 171 292 187 292 204 296 221 308 233L563 492 304 771C292 783 288 800 288 817 288 833 296 850 308 863 321 871 338 875 354 875 371 875 388 867 400 854L696 533Z\"><\/path><\/svg>\t\t\t\t\t<\/div>\n\t\t\t\t\n\t\t\t\t\t\t\t\t\t<div class=\"swiper-pagination\"><\/div>\n\t\t\t\t\t\t\t\t\t<\/div>\n\t\t\t\t\t\t<\/div>\n\t\t\t\t<\/div>\n\t\t\t\t\t<\/div>\n\t\t\t\t<\/div>\n\t\t<div class=\"elementor-element elementor-element-6137ca8 e-flex e-con-boxed e-con e-parent\" data-id=\"6137ca8\" data-element_type=\"container\">\n\t\t\t\t\t<div class=\"e-con-inner\">\n\t\t\t\t<div class=\"elementor-element elementor-element-ae0c94d elementor-widget elementor-widget-text-editor\" data-id=\"ae0c94d\" data-element_type=\"widget\" data-widget_type=\"text-editor.default\">\n\t\t\t\t<div class=\"elementor-widget-container\">\n\t\t\t\t\t\t\t\t\t<p>Wir sind ein Zusammenschluss von kulturtreibenden Vereinen der Stadt Neustadt an der Weinstrasse\u00a0<\/p>\t\t\t\t\t\t\t\t<\/div>\n\t\t\t\t<\/div>\n\t\t\t\t\t<\/div>\n\t\t\t\t<\/div>\n\t\t<div class=\"elementor-element elementor-element-fc83ddf e-flex e-con-boxed e-con e-parent\" data-id=\"fc83ddf\" data-element_type=\"container\">\n\t\t\t\t\t<div class=\"e-con-inner\">\n\t\t\t\t<div class=\"elementor-element elementor-element-1766e72 elementor-widget elementor-widget-text-editor\" data-id=\"1766e72\" data-element_type=\"widget\" data-widget_type=\"text-editor.default\">\n\t\t\t\t<div class=\"elementor-widget-container\">\n\t\t\t\t\t\t\t\t\t<p>Das sind unsere Aufgaben:<\/p>\t\t\t\t\t\t\t\t<\/div>\n\t\t\t\t<\/div>\n\t\t\t\t\t<\/div>\n\t\t\t\t<\/div>\n\t\t<div class=\"elementor-element elementor-element-0c8050e e-flex e-con-boxed e-con e-parent\" data-id=\"0c8050e\" data-element_type=\"container\">\n\t\t\t\t\t<div class=\"e-con-inner\">\n\t\t<div class=\"elementor-element elementor-element-2cd60c4 e-con-full e-flex e-con e-child\" data-id=\"2cd60c4\" data-element_type=\"container\">\n\t\t\t\t<div class=\"elementor-element elementor-element-eb2fd6f elementor-widget elementor-widget-text-editor\" data-id=\"eb2fd6f\" data-element_type=\"widget\" data-widget_type=\"text-editor.default\">\n\t\t\t\t<div class=\"elementor-widget-container\">\n\t\t\t\t\t\t\t\t\t<p><strong>Vertreten<\/strong><\/p>\t\t\t\t\t\t\t\t<\/div>\n\t\t\t\t<\/div>\n\t\t\t\t<\/div>\n\t\t<div class=\"elementor-element elementor-element-36cbd62 e-con-full e-flex e-con e-child\" data-id=\"36cbd62\" data-element_type=\"container\">\n\t\t\t\t<div class=\"elementor-element elementor-element-3fbc10b elementor-widget elementor-widget-text-editor\" data-id=\"3fbc10b\" data-element_type=\"widget\" data-widget_type=\"text-editor.default\">\n\t\t\t\t<div class=\"elementor-widget-container\">\n\t\t\t\t\t\t\t\t\t<p>Seit 1997 ist der Stadtverband f\u00fcr Kultur in Neustadt e.V. der Verhandlungspartner der Kulturvereine und Einzelk\u00fcnstler in die Politik hinein. Er trifft sich regelm\u00e4\u00dfig mit der Kulturabteilung der Stadt und ist festes Mitglied im Kulturausschuss.<\/p>\t\t\t\t\t\t\t\t<\/div>\n\t\t\t\t<\/div>\n\t\t\t\t<\/div>\n\t\t\t\t\t<\/div>\n\t\t\t\t<\/div>\n\t\t<div class=\"elementor-element elementor-element-90fe160 e-flex e-con-boxed e-con e-parent\" data-id=\"90fe160\" data-element_type=\"container\">\n\t\t\t\t\t<div class=\"e-con-inner\">\n\t\t<div class=\"elementor-element elementor-element-bd60f5a e-con-full e-flex e-con e-child\" data-id=\"bd60f5a\" data-element_type=\"container\">\n\t\t\t\t<div class=\"elementor-element elementor-element-cb2885c elementor-widget elementor-widget-text-editor\" data-id=\"cb2885c\" data-element_type=\"widget\" data-widget_type=\"text-editor.default\">\n\t\t\t\t<div class=\"elementor-widget-container\">\n\t\t\t\t\t\t\t\t\t<p><strong>F\u00f6rdern<\/strong><\/p>\t\t\t\t\t\t\t\t<\/div>\n\t\t\t\t<\/div>\n\t\t\t\t<\/div>\n\t\t<div class=\"elementor-element elementor-element-933029c e-con-full e-flex e-con e-child\" data-id=\"933029c\" data-element_type=\"container\">\n\t\t\t\t<div class=\"elementor-element elementor-element-2ebd1ce elementor-widget elementor-widget-text-editor\" data-id=\"2ebd1ce\" data-element_type=\"widget\" data-widget_type=\"text-editor.default\">\n\t\t\t\t<div class=\"elementor-widget-container\">\n\t\t\t\t\t\t\t\t\t<p>Der Stadtverband sorgt sich um den Kulturnachwuchs. Er f\u00f6rdert die Jugendarbeit in den Vereinen sowie die kulturelle Bildung und finanziert das Projekt \u201eJugend musiziert\u201c.<\/p>\t\t\t\t\t\t\t\t<\/div>\n\t\t\t\t<\/div>\n\t\t\t\t<\/div>\n\t\t\t\t\t<\/div>\n\t\t\t\t<\/div>\n\t\t<div class=\"elementor-element elementor-element-ab037cd e-flex e-con-boxed e-con e-parent\" data-id=\"ab037cd\" data-element_type=\"container\">\n\t\t\t\t\t<div class=\"e-con-inner\">\n\t\t<div class=\"elementor-element elementor-element-ded79d3 e-con-full e-flex e-con e-child\" data-id=\"ded79d3\" data-element_type=\"container\">\n\t\t\t\t<div class=\"elementor-element elementor-element-1026e4c elementor-widget elementor-widget-text-editor\" data-id=\"1026e4c\" data-element_type=\"widget\" data-widget_type=\"text-editor.default\">\n\t\t\t\t<div class=\"elementor-widget-container\">\n\t\t\t\t\t\t\t\t\t<p><strong>Verleihen<\/strong><\/p>\t\t\t\t\t\t\t\t<\/div>\n\t\t\t\t<\/div>\n\t\t\t\t<\/div>\n\t\t<div class=\"elementor-element elementor-element-d66e123 e-con-full e-flex e-con e-child\" data-id=\"d66e123\" data-element_type=\"container\">\n\t\t\t\t<div class=\"elementor-element elementor-element-d1da5e2 elementor-widget elementor-widget-text-editor\" data-id=\"d1da5e2\" data-element_type=\"widget\" data-widget_type=\"text-editor.default\">\n\t\t\t\t<div class=\"elementor-widget-container\">\n\t\t\t\t\t\t\t\t\t<p>Seit dem Jahr 2000 vergibt der Stadtverband den Neustadter <a href=\"https:\/\/svknw.de\/start\/start\/kulturpreis\/\">Kulturpreis<\/a>. Er ehrt damit Institutionen oder Personen die herausragende kulturelle Leistungen in Neustadt erbracht und sich f\u00fcr die Kulturszene eingesetzt haben. Der Kulturpreis wird gesponsert durch die <a href=\"https:\/\/www.vrbank-suedpfalz.de\/startseite.html\" target=\"_blank\" rel=\"noopener\">VR-Bank S\u00fcdpfalz<\/a>,\u00a0<\/p>\t\t\t\t\t\t\t\t<\/div>\n\t\t\t\t<\/div>\n\t\t\t\t<\/div>\n\t\t\t\t\t<\/div>\n\t\t\t\t<\/div>\n\t\t<div class=\"elementor-element elementor-element-4db118d e-flex e-con-boxed e-con e-parent\" data-id=\"4db118d\" data-element_type=\"container\">\n\t\t\t\t\t<div class=\"e-con-inner\">\n\t\t<div class=\"elementor-element elementor-element-5b59213 e-con-full e-flex e-con e-child\" data-id=\"5b59213\" data-element_type=\"container\">\n\t\t\t\t<div class=\"elementor-element elementor-element-8fa61b3 elementor-widget elementor-widget-text-editor\" data-id=\"8fa61b3\" data-element_type=\"widget\" data-widget_type=\"text-editor.default\">\n\t\t\t\t<div class=\"elementor-widget-container\">\n\t\t\t\t\t\t\t\t\t<p><strong>Beteiligen<\/strong><\/p>\t\t\t\t\t\t\t\t<\/div>\n\t\t\t\t<\/div>\n\t\t\t\t<\/div>\n\t\t<div class=\"elementor-element elementor-element-96d8ce8 e-con-full e-flex e-con e-child\" data-id=\"96d8ce8\" data-element_type=\"container\">\n\t\t\t\t<div class=\"elementor-element elementor-element-57f48ec elementor-widget elementor-widget-text-editor\" data-id=\"57f48ec\" data-element_type=\"widget\" data-widget_type=\"text-editor.default\">\n\t\t\t\t<div class=\"elementor-widget-container\">\n\t\t\t\t\t\t\t\t\t<p>Der Stadtverband beteiligt sich an Projekten der Stadt, seiner Mitgliedsvereine oder Einzelk\u00fcnstler.<\/p>\t\t\t\t\t\t\t\t<\/div>\n\t\t\t\t<\/div>\n\t\t\t\t<\/div>\n\t\t\t\t\t<\/div>\n\t\t\t\t<\/div>\n\t\t<div class=\"elementor-element elementor-element-98583e4 e-flex e-con-boxed e-con e-parent\" data-id=\"98583e4\" data-element_type=\"container\">\n\t\t\t\t\t<div class=\"e-con-inner\">\n\t\t<div class=\"elementor-element elementor-element-7daa0e1 e-con-full e-flex e-con e-child\" data-id=\"7daa0e1\" data-element_type=\"container\">\n\t\t\t\t<div class=\"elementor-element elementor-element-8a5448d elementor-widget elementor-widget-text-editor\" data-id=\"8a5448d\" data-element_type=\"widget\" data-widget_type=\"text-editor.default\">\n\t\t\t\t<div class=\"elementor-widget-container\">\n\t\t\t\t\t\t\t\t\t<p><strong>Organisieren<\/strong><\/p>\t\t\t\t\t\t\t\t<\/div>\n\t\t\t\t<\/div>\n\t\t\t\t<\/div>\n\t\t<div class=\"elementor-element elementor-element-6548c72 e-con-full e-flex e-con e-child\" data-id=\"6548c72\" data-element_type=\"container\">\n\t\t\t\t<div class=\"elementor-element elementor-element-24be0b9 elementor-widget elementor-widget-text-editor\" data-id=\"24be0b9\" data-element_type=\"widget\" data-widget_type=\"text-editor.default\">\n\t\t\t\t<div class=\"elementor-widget-container\">\n\t\t\t\t\t\t\t\t\t<p>Der Stadtverband f\u00fcr Kultur richtet selbst Veranstaltungen aus wie beispielsweise die Veranstaltungsreihe \u201eKultur trifft Soziales\u201c, die \u201eNeustadter Kulturkulisse\u201c und das dreit\u00e4gige \u201eNeustadter <a href=\"https:\/\/kulturszenario.de\/start\/\" target=\"_blank\" rel=\"noopener\">Kulturszenario<\/a>\u201c, das 2025 vom 19. &#8211; 21. September stattfindet.<\/p>\t\t\t\t\t\t\t\t<\/div>\n\t\t\t\t<\/div>\n\t\t\t\t<div class=\"elementor-element elementor-element-b156557 elementor-widget elementor-widget-image\" data-id=\"b156557\" data-element_type=\"widget\" data-widget_type=\"image.default\">\n\t\t\t\t<div class=\"elementor-widget-container\">\n\t\t\t\t\t\t\t\t\t\t\t\t\t\t\t\t<a href=\"https:\/\/kulturszenario.de\/start\/\" target=\"_blank\">\n\t\t\t\t\t\t\t<img fetchpriority=\"high\" decoding=\"async\" width=\"1024\" height=\"291\" src=\"https:\/\/svknw.de\/wp-content\/uploads\/2025\/03\/KUSZ_Logo_Text_1600px-1024x291.png\" class=\"attachment-large size-large wp-image-83\" alt=\"\" srcset=\"https:\/\/svknw.de\/wp-content\/uploads\/2025\/03\/KUSZ_Logo_Text_1600px-1024x291.png 1024w, https:\/\/svknw.de\/wp-content\/uploads\/2025\/03\/KUSZ_Logo_Text_1600px-300x85.png 300w, https:\/\/svknw.de\/wp-content\/uploads\/2025\/03\/KUSZ_Logo_Text_1600px-768x218.png 768w, https:\/\/svknw.de\/wp-content\/uploads\/2025\/03\/KUSZ_Logo_Text_1600px-1536x436.png 1536w, https:\/\/svknw.de\/wp-content\/uploads\/2025\/03\/KUSZ_Logo_Text_1600px-350x100.png 350w, https:\/\/svknw.de\/wp-content\/uploads\/2025\/03\/KUSZ_Logo_Text_1600px.png 1600w\" sizes=\"(max-width: 1024px) 100vw, 1024px\" \/>\t\t\t\t\t\t\t\t<\/a>\n\t\t\t\t\t\t\t\t\t\t\t\t\t\t\t<\/div>\n\t\t\t\t<\/div>\n\t\t\t\t<\/div>\n\t\t\t\t\t<\/div>\n\t\t\t\t<\/div>\n\t\t<div class=\"elementor-element elementor-element-4a83a81 e-flex e-con-boxed e-con e-parent\" data-id=\"4a83a81\" data-element_type=\"container\">\n\t\t\t\t\t<div class=\"e-con-inner\">\n\t\t\t\t<div class=\"elementor-element elementor-element-3353952 elementor-widget-divider--separator-type-pattern elementor-widget-divider--no-spacing elementor-widget-divider--view-line elementor-widget elementor-widget-divider\" data-id=\"3353952\" data-element_type=\"widget\" data-widget_type=\"divider.default\">\n\t\t\t\t<div class=\"elementor-widget-container\">\n\t\t\t\t\t\t\t<div class=\"elementor-divider\" style=\"--divider-pattern-url: url(&quot;data:image\/svg+xml,%3Csvg xmlns=&#039;http:\/\/www.w3.org\/2000\/svg&#039; preserveAspectRatio=&#039;xMidYMid meet&#039; overflow=&#039;visible&#039; height=&#039;100%&#039; viewBox=&#039;0 0 126 26&#039; fill=&#039;black&#039; stroke=&#039;none&#039;%3E%3Cpath d=&#039;M3,10.2c2.6,0,2.6,2,2.6,3.2S4.4,16.5,3,16.5s-3-1.4-3-3.2S0.4,10.2,3,10.2z M18.8,10.2c1.7,0,3.2,1.4,3.2,3.2s-1.4,3.2-3.2,3.2c-1.7,0-3.2-1.4-3.2-3.2S17,10.2,18.8,10.2z M34.6,10.2c1.5,0,2.6,1.4,2.6,3.2s-0.5,3.2-1.9,3.2c-1.5,0-3.4-1.4-3.4-3.2S33.1,10.2,34.6,10.2z M50.5,10.2c1.7,0,3.2,1.4,3.2,3.2s-1.4,3.2-3.2,3.2c-1.7,0-3.3-0.9-3.3-2.6S48.7,10.2,50.5,10.2z M66.2,10.2c1.5,0,3.4,1.4,3.4,3.2s-1.9,3.2-3.4,3.2c-1.5,0-2.6-0.4-2.6-2.1S64.8,10.2,66.2,10.2z M82.2,10.2c1.7,0.8,2.6,1.4,2.6,3.2s-0.1,3.2-1.6,3.2c-1.5,0-3.7-1.4-3.7-3.2S80.5,9.4,82.2,10.2zM98.6,10.2c1.5,0,2.6,0.4,2.6,2.1s-1.2,4.2-2.6,4.2c-1.5,0-3.7-0.4-3.7-2.1S97.1,10.2,98.6,10.2z M113.4,10.2c1.2,0,2.2,0.9,2.2,3.2s-0.1,3.2-1.3,3.2s-3.1-1.4-3.1-3.2S112.2,10.2,113.4,10.2z&#039;\/%3E%3C\/svg%3E&quot;);\">\n\t\t\t<span class=\"elementor-divider-separator\">\n\t\t\t\t\t\t<\/span>\n\t\t<\/div>\n\t\t\t\t\t\t<\/div>\n\t\t\t\t<\/div>\n\t\t\t\t\t<\/div>\n\t\t\t\t<\/div>\n\t\t<div class=\"elementor-element elementor-element-4d344b5 e-flex e-con-boxed e-con e-parent\" data-id=\"4d344b5\" data-element_type=\"container\">\n\t\t\t\t\t<div class=\"e-con-inner\">\n\t\t\t\t<div class=\"elementor-element elementor-element-691d5ac elementor-widget elementor-widget-image\" data-id=\"691d5ac\" data-element_type=\"widget\" data-widget_type=\"image.default\">\n\t\t\t\t<div class=\"elementor-widget-container\">\n\t\t\t\t\t\t\t\t\t\t\t\t\t\t\t<img decoding=\"async\" width=\"736\" height=\"1024\" src=\"https:\/\/svknw.de\/wp-content\/uploads\/2025\/08\/Neustadter_Herbst_Festival_02.-13.09-736x1024.jpg\" class=\"attachment-large size-large wp-image-296\" alt=\"\" srcset=\"https:\/\/svknw.de\/wp-content\/uploads\/2025\/08\/Neustadter_Herbst_Festival_02.-13.09-736x1024.jpg 736w, https:\/\/svknw.de\/wp-content\/uploads\/2025\/08\/Neustadter_Herbst_Festival_02.-13.09-216x300.jpg 216w, https:\/\/svknw.de\/wp-content\/uploads\/2025\/08\/Neustadter_Herbst_Festival_02.-13.09-768x1068.jpg 768w, https:\/\/svknw.de\/wp-content\/uploads\/2025\/08\/Neustadter_Herbst_Festival_02.-13.09-1104x1536.jpg 1104w, https:\/\/svknw.de\/wp-content\/uploads\/2025\/08\/Neustadter_Herbst_Festival_02.-13.09-1472x2048.jpg 1472w, https:\/\/svknw.de\/wp-content\/uploads\/2025\/08\/Neustadter_Herbst_Festival_02.-13.09.jpg 1818w\" sizes=\"(max-width: 736px) 100vw, 736px\" \/>\t\t\t\t\t\t\t\t\t\t\t\t\t\t\t<\/div>\n\t\t\t\t<\/div>\n\t\t\t\t\t<\/div>\n\t\t\t\t<\/div>\n\t\t\t\t<\/div>\n\t\t","protected":false},"excerpt":{"rendered":"<p>Wir sind ein Zusammenschluss von kulturtreibenden Vereinen der Stadt Neustadt an der Weinstrasse\u00a0 Das sind unsere Aufgaben: Vertreten Seit 1997 ist der Stadtverband f\u00fcr Kultur in Neustadt e.V. der Verhandlungspartner der Kulturvereine und Einzelk\u00fcnstler in die Politik hinein. Er trifft sich regelm\u00e4\u00dfig mit der Kulturabteilung der Stadt und ist festes Mitglied im Kulturausschuss. F\u00f6rdern Der [&hellip;]<\/p>\n","protected":false},"author":1,"featured_media":0,"parent":0,"menu_order":0,"comment_status":"closed","ping_status":"closed","template":"page-no-title","meta":{"footnotes":""},"class_list":["post-35","page","type-page","status-publish","hentry"],"aioseo_notices":[],"_links":{"self":[{"href":"https:\/\/svknw.de\/start\/wp-json\/wp\/v2\/pages\/35","targetHints":{"allow":["GET"]}}],"collection":[{"href":"https:\/\/svknw.de\/start\/wp-json\/wp\/v2\/pages"}],"about":[{"href":"https:\/\/svknw.de\/start\/wp-json\/wp\/v2\/types\/page"}],"author":[{"embeddable":true,"href":"https:\/\/svknw.de\/start\/wp-json\/wp\/v2\/users\/1"}],"replies":[{"embeddable":true,"href":"https:\/\/svknw.de\/start\/wp-json\/wp\/v2\/comments?post=35"}],"version-history":[{"count":56,"href":"https:\/\/svknw.de\/start\/wp-json\/wp\/v2\/pages\/35\/revisions"}],"predecessor-version":[{"id":299,"href":"https:\/\/svknw.de\/start\/wp-json\/wp\/v2\/pages\/35\/revisions\/299"}],"wp:attachment":[{"href":"https:\/\/svknw.de\/start\/wp-json\/wp\/v2\/media?parent=35"}],"curies":[{"name":"wp","href":"https:\/\/api.w.org\/{rel}","templated":true}]}}