{"id":188,"date":"2025-03-01T22:55:23","date_gmt":"2025-03-01T22:55:23","guid":{"rendered":"https:\/\/svknw.de\/start\/kontakt-2\/"},"modified":"2025-03-01T23:04:47","modified_gmt":"2025-03-01T23:04:47","slug":"kontakt","status":"publish","type":"page","link":"https:\/\/svknw.de\/start\/start\/kontakt\/","title":{"rendered":"Kontakt"},"content":{"rendered":"\t\t<div data-elementor-type=\"wp-page\" data-elementor-id=\"188\" class=\"elementor elementor-188\">\n\t\t\t\t<div class=\"elementor-element elementor-element-8717163 e-flex e-con-boxed e-con e-parent\" data-id=\"8717163\" data-element_type=\"container\">\n\t\t\t\t\t<div class=\"e-con-inner\">\n\t\t\t\t<div class=\"elementor-element elementor-element-672512b elementor-widget elementor-widget-text-editor\" data-id=\"672512b\" data-element_type=\"widget\" data-widget_type=\"text-editor.default\">\n\t\t\t\t<div class=\"elementor-widget-container\">\n\t\t\t\t\t\t\t\t\t<p><strong>Kontakt<\/strong><\/p><p>Stadtverband f\u00fcr Kultur in Neustadt an der Weinstra\u00dfe e. V.<\/p><p>Gartenstra\u00dfe 30 a | 67433 Neustadt<\/p><p>Tel. 0172 9900595 | Fax 06321 89006-18<\/p><p>E-Mail: info@kultur-in-neustadt.de<\/p>\t\t\t\t\t\t\t\t<\/div>\n\t\t\t\t<\/div>\n\t\t\t\t\t<\/div>\n\t\t\t\t<\/div>\n\t\t\t\t<\/div>\n\t\t","protected":false},"excerpt":{"rendered":"<p>Kontakt Stadtverband f\u00fcr Kultur in Neustadt an der Weinstra\u00dfe e. V. Gartenstra\u00dfe 30 a | 67433 Neustadt Tel. 0172 9900595 | Fax 06321 89006-18 E-Mail: info@kultur-in-neustadt.de<\/p>\n","protected":false},"author":1,"featured_media":0,"parent":35,"menu_order":0,"comment_status":"closed","ping_status":"closed","template":"page-no-title","meta":{"footnotes":""},"class_list":["post-188","page","type-page","status-publish","hentry"],"aioseo_notices":[],"_links":{"self":[{"href":"https:\/\/svknw.de\/start\/wp-json\/wp\/v2\/pages\/188","targetHints":{"allow":["GET"]}}],"collection":[{"href":"https:\/\/svknw.de\/start\/wp-json\/wp\/v2\/pages"}],"about":[{"href":"https:\/\/svknw.de\/start\/wp-json\/wp\/v2\/types\/page"}],"author":[{"embeddable":true,"href":"https:\/\/svknw.de\/start\/wp-json\/wp\/v2\/users\/1"}],"replies":[{"embeddable":true,"href":"https:\/\/svknw.de\/start\/wp-json\/wp\/v2\/comments?post=188"}],"version-history":[{"count":12,"href":"https:\/\/svknw.de\/start\/wp-json\/wp\/v2\/pages\/188\/revisions"}],"predecessor-version":[{"id":204,"href":"https:\/\/svknw.de\/start\/wp-json\/wp\/v2\/pages\/188\/revisions\/204"}],"up":[{"embeddable":true,"href":"https:\/\/svknw.de\/start\/wp-json\/wp\/v2\/pages\/35"}],"wp:attachment":[{"href":"https:\/\/svknw.de\/start\/wp-json\/wp\/v2\/media?parent=188"}],"curies":[{"name":"wp","href":"https:\/\/api.w.org\/{rel}","templated":true}]}}