{"id":12,"date":"2025-03-01T16:58:46","date_gmt":"2025-03-01T16:58:46","guid":{"rendered":"https:\/\/svknw.de\/?page_id=12"},"modified":"2025-03-01T17:55:05","modified_gmt":"2025-03-01T17:55:05","slug":"impressum","status":"publish","type":"page","link":"https:\/\/svknw.de\/start\/start\/impressum\/","title":{"rendered":"Impressum"},"content":{"rendered":"\t\t<div data-elementor-type=\"wp-page\" data-elementor-id=\"12\" class=\"elementor elementor-12\">\n\t\t\t\t<div class=\"elementor-element elementor-element-093dc9b e-flex e-con-boxed e-con e-parent\" data-id=\"093dc9b\" data-element_type=\"container\">\n\t\t\t\t\t<div class=\"e-con-inner\">\n\t\t\t\t<div class=\"elementor-element elementor-element-452d204 elementor-widget elementor-widget-text-editor\" data-id=\"452d204\" data-element_type=\"widget\" data-widget_type=\"text-editor.default\">\n\t\t\t\t<div class=\"elementor-widget-container\">\n\t\t\t\t\t\t\t\t\t<p><strong>Impressum<\/strong><\/p><p>Stadtverband f\u00fcr Kultur in Neustadt an der Weinstra\u00dfe e. V.<\/p><p>Gartenstra\u00dfe 30 a | 67433 Neustadt<\/p><p>Tel. 0172 9900595 | Fax 06321 89006-18<\/p><p>Vorstand:<\/p><p>Pascal Bender (Vorsitzender)<\/p><p>VR 41311<\/p><p>Inhaltlich Verantwortlicher gem\u00e4\u00df \u00a7 5 DDG: Pascal Bender<\/p><div class=\"progress-bar-style\" data-progress=\"70\"><p class=\"bar-inner\">Website Owner: Hubertus Kr\u00f6ner, hubertus.kroener@t-online.de<\/p><\/div>\t\t\t\t\t\t\t\t<\/div>\n\t\t\t\t<\/div>\n\t\t\t\t\t<\/div>\n\t\t\t\t<\/div>\n\t\t<div class=\"elementor-element elementor-element-15e39b8 e-flex e-con-boxed e-con e-parent\" data-id=\"15e39b8\" data-element_type=\"container\">\n\t\t\t\t\t<div class=\"e-con-inner\">\n\t\t\t\t<div class=\"elementor-element elementor-element-2565734 elementor-widget elementor-widget-text-editor\" data-id=\"2565734\" data-element_type=\"widget\" data-widget_type=\"text-editor.default\">\n\t\t\t\t<div class=\"elementor-widget-container\">\n\t\t\t\t\t\t\t\t\t<p style=\"margin: 0in; font-family: Calibri; font-size: 11.0pt;\"><span style=\"font-weight: bold; font-size: 11pt; color: var( --e-global-color-text ); text-align: var(--text-align);\">Haftungshinweis:<\/span><\/p><p style=\"margin: 0in; font-family: Calibri; font-size: 11.0pt;\">Diese Website enth\u00e4lt Verkn\u00fcpfungen zu Websites Dritter (\u201eexterne Links\u201c). Diese\u00a0unterliegen der Haftung der jeweiligen Betreiber, die allein verantwortlich sind f\u00fcr deren Inhalte. Bei Kenntnis von Rechtsverst\u00f6\u00dfen \u2013\u00a0auf Grund\u00a0entsprechender Hinweise\u00a0\u2013\u00a0werden jedoch derartige externe Links unverz\u00fcglich gel\u00f6scht.<\/p><p style=\"margin: 0in; font-family: Calibri; font-size: 11.0pt;\">Der Autor \u00fcbernimmt keinerlei Gew\u00e4hr f\u00fcr die Aktualit\u00e4t, Korrektheit, Vollst\u00e4ndigkeit oder Qualit\u00e4t der bereitgestellten Informationen. Haftungsanspr\u00fcche gegen den Autor, die sich auf Sch\u00e4den materieller oder ideeller Art beziehen, die durch die Nutzung oder Nichtnutzung der dargebotenen Informationen bzw. durch die Nutzung fehlerhafter und unvollst\u00e4ndiger Informationen verursacht wurden, sind grunds\u00e4tzlich ausgeschlossen, sofern seitens des Autors kein nachweislich vors\u00e4tzliches oder grob fahrl\u00e4ssiges Verschulden vorliegt. Alle Angebote sind freibleibend und unverbindlich. Der Autor beh\u00e4lt es sich ausdr\u00fccklich vor, Teile der Seiten oder das gesamte Angebot ohne gesonderte Ank\u00fcndigung zu ver\u00e4ndern, zu erg\u00e4nzen, zu l\u00f6schen oder die Ver\u00f6ffentlichung zeitweise oder endg\u00fcltig einzustellen.<\/p><p style=\"margin: 0in; font-family: Calibri; font-size: 11.0pt;\"><span style=\"font-weight: bold;\">Urheber- und Kennzeichenrecht<\/span><\/p><p style=\"margin: 0in; font-family: Calibri; font-size: 11.0pt;\">Der Autor ist bestrebt, in allen Publikationen die Urheberrechte der verwendeten Grafiken, Tondokumente, Videosequenzen und Texte zu beachten, von ihm selbst erstellte Grafiken, Tondokumente, Videosequenzen und Texte zu nutzen oder auf lizenzfreie Grafiken, Tondokumente, Videosequenzen und Texte zur\u00fcckzugreifen. Alle innerhalb des Internetangebotes genannten und ggf. durch Dritte gesch\u00fctzten Marken- und Warenzeichen unterliegen uneingeschr\u00e4nkt den Bestimmungen des jeweils g\u00fcltigen Kennzeichenrechts und den Besitzrechten der jeweiligen eingetragenen Eigent\u00fcmer. Allein aufgrund der blo\u00dfen Nennung ist nicht der Schluss zu ziehen, dass Markenzeichen nicht durch Rechte Dritter gesch\u00fctzt sind! Das Copyright f\u00fcr ver\u00f6ffentlichte, vom Autor selbst erstellte Objekte bleibt allein beim Autor der Seiten. Eine Vervielf\u00e4ltigung oder Verwendung solcher Grafiken, Tondokumente, Videosequenzen und Texte in anderen elektronischen oder gedruckten Publikationen ist ohne ausdr\u00fcckliche Zustimmung des Autors nicht gestattet.<\/p><p style=\"margin: 0in; font-family: Calibri; font-size: 11.0pt;\">Diese Webseiten sind urheberrechtlich gesch\u00fctzt. Jede Verwertung au\u00dferhalb der engen Grenzen des Urheberrechtsgesetzes ist ohne die schriftliche Zustimmung des Publishers unzul\u00e4ssig und strafbar. Das gilt insbesondere f\u00fcr Vervielf\u00e4ltigungen, \u00dcbersetzungen, Mikroverfilmungen und die Einspeicherung und Verarbeitung in elektronischen Systemen.<\/p><p style=\"margin: 0in; font-family: Roboto; font-size: 9.75pt;\"><span style=\"font-weight: bold;\">Bildquellen:<\/span><\/p><p style=\"margin: 0in;\"><a href=\"https:\/\/unsplash.com\/de\"><span style=\"font-family: Roboto; font-size: 9.75pt;\">Unsplash<\/span><\/a><span style=\"font-family: Roboto; font-size: 9.75pt;\">; privat (Hubertus Kr\u00f6ner)<\/span><\/p>\t\t\t\t\t\t\t\t<\/div>\n\t\t\t\t<\/div>\n\t\t\t\t\t<\/div>\n\t\t\t\t<\/div>\n\t\t\t\t<\/div>\n\t\t","protected":false},"excerpt":{"rendered":"<p>Impressum Stadtverband f\u00fcr Kultur in Neustadt an der Weinstra\u00dfe e. V. Gartenstra\u00dfe 30 a | 67433 Neustadt Tel. 0172 9900595 | Fax 06321 89006-18 Vorstand: Pascal Bender (Vorsitzender) VR 41311 Inhaltlich Verantwortlicher gem\u00e4\u00df \u00a7 5 DDG: Pascal Bender Website Owner: Hubertus Kr\u00f6ner, hubertus.kroener@t-online.de Haftungshinweis: Diese Website enth\u00e4lt Verkn\u00fcpfungen zu Websites Dritter (\u201eexterne Links\u201c). Diese\u00a0unterliegen der [&hellip;]<\/p>\n","protected":false},"author":1,"featured_media":0,"parent":35,"menu_order":0,"comment_status":"closed","ping_status":"closed","template":"page-no-title","meta":{"footnotes":""},"class_list":["post-12","page","type-page","status-publish","hentry"],"aioseo_notices":[],"_links":{"self":[{"href":"https:\/\/svknw.de\/start\/wp-json\/wp\/v2\/pages\/12","targetHints":{"allow":["GET"]}}],"collection":[{"href":"https:\/\/svknw.de\/start\/wp-json\/wp\/v2\/pages"}],"about":[{"href":"https:\/\/svknw.de\/start\/wp-json\/wp\/v2\/types\/page"}],"author":[{"embeddable":true,"href":"https:\/\/svknw.de\/start\/wp-json\/wp\/v2\/users\/1"}],"replies":[{"embeddable":true,"href":"https:\/\/svknw.de\/start\/wp-json\/wp\/v2\/comments?post=12"}],"version-history":[{"count":11,"href":"https:\/\/svknw.de\/start\/wp-json\/wp\/v2\/pages\/12\/revisions"}],"predecessor-version":[{"id":79,"href":"https:\/\/svknw.de\/start\/wp-json\/wp\/v2\/pages\/12\/revisions\/79"}],"up":[{"embeddable":true,"href":"https:\/\/svknw.de\/start\/wp-json\/wp\/v2\/pages\/35"}],"wp:attachment":[{"href":"https:\/\/svknw.de\/start\/wp-json\/wp\/v2\/media?parent=12"}],"curies":[{"name":"wp","href":"https:\/\/api.w.org\/{rel}","templated":true}]}}